{"id":161766,"date":"2026-01-13T20:18:38","date_gmt":"2026-01-13T17:18:38","guid":{"rendered":"https:\/\/igm.gov.md\/?page_id=161766"},"modified":"2026-03-14T02:25:22","modified_gmt":"2026-03-13T23:25:22","slug":"normative-acts","status":"publish","type":"page","link":"https:\/\/igm.gov.md\/en\/normative-acts\/","title":{"rendered":"Normative acts"},"content":{"rendered":"<div class=\"brz brz-root__container brz-reset-all brz-root__container-page\">\n<section id=\"mOglpw60PabE_mOglpw60PabE\" class=\"brz-section brz-css-d-section brz-css-w0625s\">\n<div class=\"brz-section__content brz-section--boxed brz-css-d-sectionitem-bg brz-css-1ewnej9\" data-brz-custom-id=\"ePg5RDreXK42\">\n<div class=\"brz-container brz-css-d-sectionitem-container brz-css-1grl2w6\">\n<div id=\"\" class=\"brz-css-d-wrapper brz-css-5v1ri1 brz-wrapper\">\n<div class=\"brz-rich-text brz-rich-text__custom brz-css-d-richtext brz-css-19vrbii\" data-brz-custom-id=\"karNPY6vYF9O\">\n<div data-brz-translate-text=\"1\">\n<p class=\"brz-text-lg-justify brz-tp-lg-paragraph brz-css-riWjR\" data-uniq-id=\"odWvV\" data-generated-css=\"brz-css-hhuTY\"><a class=\"brz-cp-color7 link--external\" href=\"\/en\/\" data-brz-link-type=\"external\">Home<\/a><span class=\"brz-cp-color7\"> &gt; <\/span><a class=\"brz-cp-color7 link--external\" href=\"\/en\/inspectorate\/\" data-brz-link-type=\"external\">Inspectorate<\/a><span class=\"brz-cp-color7 brz-span\"> &gt; Normative acts<\/span><\/p>\n<\/div>\n<\/div>\n<\/div>\n<div id=\"\" class=\"brz-css-d-wrapper brz-css-fegxi1 brz-wrapper\">\n<div class=\"brz-line brz-line-default brz-css-d-line brz-css-12u4yjb\" data-brz-custom-id=\"fouAuBiJE8jH\">\n<hr class=\"brz-hr\"><\/div>\n<\/div>\n<\/div>\n<\/div>\n<\/section>\n<section id=\"zfBXs7Ci6BIi_zfBXs7Ci6BIi\" class=\"brz-section brz-css-d-section brz-css-i8xlxg\">\n<div class=\"brz-section__content brz-section--boxed brz-css-d-sectionitem-bg brz-css-193rtgk\" data-brz-custom-id=\"lLigTIhPCE3Z\">\n<div class=\"brz-container brz-css-d-sectionitem-container brz-css-2vge07\">\n<div class=\"brz-row__container brz-css-d-row-row brz-css-16oyl54\" data-brz-custom-id=\"qHEZmFxyPyuW\">\n<div class=\"brz-row brz-css-d-row-container brz-css-k91v2u\">\n<div class=\"brz-columns brz-css-d-column-column brz-css-1wxbbom\" data-brz-custom-id=\"qMT_ztnJ_qCo\">\n<div class=\"brz-column__items brz-css-d-column-bg brz-css-har4zf\">\n<div id=\"\" class=\"brz-css-d-wrapper brz-css-11n31wm brz-wrapper\">\n<div class=\"brz-rich-text brz-rich-text__custom brz-css-d-richtext brz-css-1kly12m\" data-brz-custom-id=\"aSDo0UG9ieV0\">\n<div data-brz-translate-text=\"1\">\n<h1 class=\"brz-text-lg-center brz-tp-lg-heading1 brz-css-hbXc4\" data-generated-css=\"brz-css-zdpW2\" data-uniq-id=\"nJWVq\"><strong class=\"brz-cp-color1\">Normative acts<\/strong><\/h1>\n<\/div>\n<\/div>\n<\/div>\n<\/div>\n<\/div>\n<\/div>\n<\/div>\n<div class=\"brz-row__container brz-css-d-row-row brz-css-ahkjua\" data-brz-custom-id=\"k1ZJHu1lCmPT\">\n<div class=\"brz-row brz-css-d-row-container brz-css-1y2sqxe\">\n<div class=\"brz-columns brz-css-d-column-column brz-css-17w9bfw\" data-brz-custom-id=\"qrRrDJSycKCW\">\n<div class=\"brz-column__items brz-css-d-column-bg brz-css-14anmxr\">\n<div id=\"\" class=\"brz-css-d-wrapper brz-css-r-wrapper brz-css-zccrqz brz-wrapper\">\n<div class=\"brz-spacer brz-css-d-spacer brz-css-jmi42q\"><\/div>\n<\/div>\n<\/div>\n<\/div>\n<div class=\"brz-columns brz-css-d-column-column brz-css-1xunufv\" data-brz-custom-id=\"yt78h40wSc0E\">\n<div class=\"brz-column__items brz-css-d-column-bg brz-css-c5ab27\">\n<div class=\"brz-row__container brz-css-d-row-row brz-css-1s2tzif\" data-brz-custom-id=\"x0YZnQ_Ehxud\">\n<div class=\"brz-row brz-row--inner brz-css-d-row-container brz-css-1ncqnwi\">\n<div class=\"brz-columns brz-css-d-column-column brz-css-rn06xn\" data-brz-custom-id=\"b6e4PmaBqHEK\">\n<div class=\"brz-column__items brz-css-d-column-bg brz-css-sk2mai\">\n<div id=\"\" class=\"brz-css-d-wrapper brz-css-1alodkt brz-wrapper\">\n<div class=\"brz-icon-text brz-css-d-icontext brz-css-16eg34s\" data-brz-custom-id=\"mh7MhdauaSUe\">\n<div class=\"brz-icon__container\" data-brz-custom-id=\"fR_cYswSXO6Y\"><span class=\"brz-icon brz-span brz-css-d-icon-icon brz-css-194mnmb\"><\/span><\/div>\n<div class=\"brz-text-btn\">\n<div class=\"brz-rich-text brz-rich-text__custom brz-css-d-richtext brz-css-1vrooue\" data-brz-custom-id=\"hHFBbZ1wah4U\">\n<div data-brz-translate-text=\"1\">\n<h6 class=\"brz-tp-lg-heading6 brz-mb-lg-7 brz-text-lg-left brz-css-xvOaF\" data-generated-css=\"brz-css-eLbKH\" data-uniq-id=\"w6jra\"><span class=\"brz-cp-color7\">Ordin comun MAI-MAE nr. 162-b-131\/412 din 25.07.2025 cu privire la stabilirea procedurii de renun\u021bare la statutul de beneficiar de protec\u021bie temporar\u0103 de c\u0103tre str\u0103inii afla\u021bi \u00een afara teritoriului Republicii Moldova<\/span><\/h6>\n<\/div>\n<\/div>\n<div class=\"brz-wrapper-clone brz-flex-xs-wrap brz-css-d-cloneable brz-css-9s01rv\" data-brz-custom-id=\"b2UNUXvDEAOa\"><a class=\"brz-a brz-btn brz-css-d-button brz-css-amjp9m brz-css-d-button-bg brz-css-3z5it5\" target=\"_blank\" rel=\"noopener noreferrer\" href=\"https:\/\/igm.gov.md\/en\/?brizy_attachment=wp-0996f852fc68a1bf405f85058ac4b8f3.pdf\" data-brz-link-type=\"upload\" data-brz-custom-id=\"cQJX3gKOGYVR\"><span data-brz-translate-text=\"1\" class=\"brz-span brz-text__editor\">Descarc\u0103<\/span><\/a><a class=\"brz-a brz-btn brz-css-d-button brz-css-xkjufr brz-css-d-button-bg brz-css-efjmfb\" target=\"_blank\" rel=\"noopener noreferrer\" data-brz-link-type=\"external\" data-brz-custom-id=\"zH9ujZCEuzcR\"><span data-brz-translate-text=\"1\" class=\"brz-span brz-text__editor\">Cite\u0219te online<\/span><\/a><\/div>\n<\/div>\n<\/div>\n<\/div>\n<div id=\"\" class=\"brz-css-d-wrapper brz-css-4qlske brz-wrapper\">\n<div class=\"brz-icon-text brz-css-d-icontext brz-css-1k83vde\" data-brz-custom-id=\"tfACcdqTyh4g\">\n<div class=\"brz-icon__container\" data-brz-custom-id=\"wHejsqRGwnwC\"><span class=\"brz-icon brz-span brz-css-d-icon-icon brz-css-1iadwr2\"><\/span><\/div>\n<div class=\"brz-text-btn\">\n<div class=\"brz-rich-text brz-rich-text__custom brz-css-d-richtext brz-css-hike44\" data-brz-custom-id=\"iJp1ocqq3GNL\">\n<div data-brz-translate-text=\"1\">\n<h6 class=\"brz-text-lg-left brz-mb-lg-7 brz-tp-lg-heading6 brz-css-kj7GP\" data-uniq-id=\"w7Ypo\" data-generated-css=\"brz-css-mvw1O\"><span class=\"brz-cp-color7 brz-span\">Regulamentul \u0441u privire la modul de publicare, actualizare \u0219i administrare \u0430 materialelor informative \u0440\u0435 site-ul web oficial al Inspectoratului G\u0435\u043f\u0435r\u0430l \u0440\u0435\u043ftru Migra\u021bie \u0219i cerin\u021bele minime privind profilul de socializare al acestuia<\/span><\/h6>\n<\/div>\n<\/div>\n<div class=\"brz-wrapper-clone brz-flex-xs-wrap brz-css-d-cloneable brz-css-s9hsvs\" data-brz-custom-id=\"jGfRqLE3P9kR\"><a class=\"brz-a brz-btn brz-css-d-button brz-css-zea39a brz-css-d-button-bg brz-css-1vcs6js\" target=\"_blank\" rel=\"noopener noreferrer\" href=\"https:\/\/igm.gov.md\/en\/?brizy_attachment=wp-0996f852fc68a1bf405f85058ac4b8f3.pdf\" data-brz-link-type=\"upload\" data-brz-custom-id=\"zGZPdeqm9nRN\"><span data-brz-translate-text=\"1\" class=\"brz-span brz-text__editor\">Descarc\u0103<\/span><\/a><a class=\"brz-a brz-btn brz-css-d-button brz-css-vs5zmr brz-css-d-button-bg brz-css-auez37\" target=\"_blank\" rel=\"noopener noreferrer\" href=\"https:\/\/igm.gov.md\/wp-content\/uploads\/2025\/08\/Regulamentul-de-publicare.pdf\" data-brz-link-type=\"external\" data-brz-custom-id=\"urC02TvTb6zp\"><span data-brz-translate-text=\"1\" class=\"brz-span brz-text__editor\">Cite\u0219te online<\/span><\/a><\/div>\n<\/div>\n<\/div>\n<\/div>\n<div id=\"\" class=\"brz-css-d-wrapper brz-css-dtjp42 brz-wrapper\">\n<div class=\"brz-icon-text brz-css-d-icontext brz-css-1hs4fia\" data-brz-custom-id=\"l0i5RPUpYYcy\">\n<div class=\"brz-icon__container\" data-brz-custom-id=\"zZUOh16aNUGL\"><span class=\"brz-icon brz-span brz-css-d-icon-icon brz-css-ifh8x\"><\/span><\/div>\n<div class=\"brz-text-btn\">\n<div class=\"brz-rich-text brz-rich-text__custom brz-css-d-richtext brz-css-1y6pdpd\" data-brz-custom-id=\"c2zRLyGvvWof\">\n<div data-brz-translate-text=\"1\">\n<h6 class=\"brz-text-lg-left brz-mb-lg-7 brz-tp-lg-heading6 brz-css-zUCSe\" data-uniq-id=\"gbTkU\" data-generated-css=\"brz-css-sLskK\"><span class=\"brz-cp-color7 brz-span\">Regulamentul cu privire la organizarea \u0219i func\u021bionarea Inspectoratului General pentru Migra\u021bie&nbsp; <\/span><\/h6>\n<\/div>\n<\/div>\n<div class=\"brz-wrapper-clone brz-flex-xs-wrap brz-css-d-cloneable brz-css-18qgtgw\" data-brz-custom-id=\"xBnajf9Rj4b0\"><a class=\"brz-a brz-btn brz-css-d-button brz-css-53giyd brz-css-d-button-bg brz-css-ot9z7\" target=\"_blank\" rel=\"noopener noreferrer\" href=\"https:\/\/igm.gov.md\/wp-content\/uploads\/2024\/04\/135089.pdf\" data-brz-link-type=\"external\" data-brz-custom-id=\"fxUwf13H0jDZ\"><span data-brz-translate-text=\"1\" class=\"brz-span brz-text__editor\">Descarc\u0103<\/span><\/a><a class=\"brz-a brz-btn brz-css-d-button brz-css-16xbtfl brz-css-d-button-bg brz-css-1shnwhx\" target=\"_blank\" rel=\"noopener noreferrer\" href=\"https:\/\/www.legis.md\/cautare\/getResults?doc_id=135089&amp;lang=ro\" data-brz-link-type=\"external\" data-brz-custom-id=\"zLM88w2ckOZD\"><span data-brz-translate-text=\"1\" class=\"brz-span brz-text__editor\">Cite\u0219te online<\/span><\/a><\/div>\n<\/div>\n<\/div>\n<\/div>\n<div id=\"\" class=\"brz-css-d-wrapper brz-css-1g516vd brz-wrapper\">\n<div class=\"brz-icon-text brz-css-d-icontext brz-css-13s45dh\" data-brz-custom-id=\"esGVlOZcrKpb\">\n<div class=\"brz-icon__container\" data-brz-custom-id=\"k0cjhrsRQ6A5\"><span class=\"brz-icon brz-span brz-css-d-icon-icon brz-css-szw8gc\"><\/span><\/div>\n<div class=\"brz-text-btn\">\n<div class=\"brz-rich-text brz-rich-text__custom brz-css-d-richtext brz-css-fwkkaw\" data-brz-custom-id=\"jdZfSwVKu_wv\">\n<div data-brz-translate-text=\"1\">\n<h6 class=\"brz-text-lg-left brz-mb-lg-7 brz-tp-lg-heading6 brz-css-jQnm2\" data-uniq-id=\"yBrku\" data-generated-css=\"brz-css-vYetI\"><span class=\"brz-cp-color7\">Hot\u0103r\u00e2re nr. 409 din 07.06.2017&nbsp;cu privire la aprobarea Statutului disciplinar al&nbsp;func\u0163ionarului public cu statut special din cadrul&nbsp;Ministerului Afacerilor Interne<\/span><\/h6>\n<\/div>\n<\/div>\n<div class=\"brz-wrapper-clone brz-flex-xs-wrap brz-css-d-cloneable brz-css-1rlakaz\" data-brz-custom-id=\"clwDxZbJZBZc\"><a class=\"brz-a brz-btn brz-css-d-button brz-css-1673q7f brz-css-d-button-bg brz-css-qc7cxf\" target=\"_blank\" rel=\"noopener noreferrer\" href=\"https:\/\/www.legis.md\/cautare\/getResults?doc_id=100644&amp;lang=ro\" data-brz-link-type=\"external\" data-brz-custom-id=\"ntecANqsItFP\"><span data-brz-translate-text=\"1\" class=\"brz-span brz-text__editor\">Descarc\u0103<\/span><\/a><a class=\"brz-a brz-btn brz-css-d-button brz-css-1m2oei4 brz-css-d-button-bg brz-css-1cglzd1\" target=\"_blank\" rel=\"noopener noreferrer\" data-brz-link-type=\"upload\" data-brz-custom-id=\"okDVhKRWsfRZ\"><span data-brz-translate-text=\"1\" class=\"brz-span brz-text__editor\">Cite\u0219te online<\/span><\/a><\/div>\n<\/div>\n<\/div>\n<\/div>\n<div id=\"\" class=\"brz-css-d-wrapper brz-css-7gj0kt brz-wrapper\">\n<div class=\"brz-icon-text brz-css-d-icontext brz-css-ku3xbr\" data-brz-custom-id=\"lKjMwijv5YOz\">\n<div class=\"brz-icon__container\" data-brz-custom-id=\"h13Y1ZpN9VpW\"><span class=\"brz-icon brz-span brz-css-d-icon-icon brz-css-1sizp3h\"><\/span><\/div>\n<div class=\"brz-text-btn\">\n<div class=\"brz-rich-text brz-rich-text__custom brz-css-d-richtext brz-css-9ile5h\" data-brz-custom-id=\"oadAr2HzERBh\">\n<div data-brz-translate-text=\"1\">\n<h6 class=\"brz-tp-lg-heading6 brz-mb-lg-7 brz-text-lg-left brz-css-aN2j7\" data-generated-css=\"brz-css-ovuGI\" data-uniq-id=\"s5AUN\"><span class=\"brz-cp-color7\">Hot\u0103r\u00e2re nr. 629 din 08.08.2017 <\/span><strong class=\"brz-cp-color7\">pentru aprobarea Codului de etic\u0103 \u015fi deontologie al func\u0163ionarului public cu statut special din cadrul Ministerului Afacerilor Interne<\/strong><\/h6>\n<\/div>\n<\/div>\n<div class=\"brz-wrapper-clone brz-flex-xs-wrap brz-css-d-cloneable brz-css-1ive03s\" data-brz-custom-id=\"zMeFttFcCbqI\"><a class=\"brz-a brz-btn brz-css-d-button brz-css-fkk84k brz-css-d-button-bg brz-css-92l21h\" target=\"_blank\" rel=\"noopener noreferrer\" href=\"https:\/\/www.legis.md\/cautare\/getResults?doc_id=102524&amp;lang=ro\" data-brz-link-type=\"external\" data-brz-custom-id=\"ninO6JUTKuQL\"><span data-brz-translate-text=\"1\" class=\"brz-span brz-text__editor\">Descarc\u0103<\/span><\/a><a class=\"brz-a brz-btn brz-css-d-button brz-css-9hfk8r brz-css-d-button-bg brz-css-173bpym\" target=\"_blank\" rel=\"noopener noreferrer\" href=\"https:\/\/www.legis.md\/cautare\/getResults?doc_id=102524&amp;lang=ro\" data-brz-link-type=\"external\" data-brz-custom-id=\"o7QyO1nw_AMG\"><span data-brz-translate-text=\"1\" class=\"brz-span brz-text__editor\">Cite\u0219te online<\/span><\/a><\/div>\n<\/div>\n<\/div>\n<\/div>\n<\/div>\n<\/div>\n<\/div>\n<\/div>\n<\/div>\n<\/div>\n<\/div>\n<\/div>\n<\/div>\n<\/div>\n<\/section><\/div>\n<p><!-- version:1768324808 --><\/p>\n","protected":false},"excerpt":{"rendered":"<p>Home &gt; Inspectorate &gt; Normative acts Normative acts Ordin comun MAI-MAE nr. 162-b-131\/412 din 25.07.2025 cu privire la stabilirea procedurii de renun\u021bare la statutul de beneficiar de protec\u021bie temporar\u0103 de c\u0103tre str\u0103inii afla\u021bi \u00een afara teritoriului Republicii Moldova Descarc\u0103Cite\u0219te online Regulamentul \u0441u privire la modul de publicare, actualizare \u0219i administrare \u0430 materialelor informative \u0440\u0435 site-ul&hellip; <a class=\"more-link\" href=\"https:\/\/igm.gov.md\/en\/normative-acts\/\">Continue reading <span class=\"screen-reader-text\">Normative acts<\/span><\/a><\/p>\n","protected":false},"author":10,"featured_media":0,"parent":0,"menu_order":0,"comment_status":"closed","ping_status":"closed","template":"brizy-blank-template.php","meta":{"footnotes":""},"class_list":["post-161766","page","type-page","status-publish","hentry","entry"],"jetpack_sharing_enabled":true,"brizy_media":[],"_links":{"self":[{"href":"https:\/\/igm.gov.md\/en\/wp-json\/wp\/v2\/pages\/161766","targetHints":{"allow":["GET"]}}],"collection":[{"href":"https:\/\/igm.gov.md\/en\/wp-json\/wp\/v2\/pages"}],"about":[{"href":"https:\/\/igm.gov.md\/en\/wp-json\/wp\/v2\/types\/page"}],"author":[{"embeddable":true,"href":"https:\/\/igm.gov.md\/en\/wp-json\/wp\/v2\/users\/10"}],"replies":[{"embeddable":true,"href":"https:\/\/igm.gov.md\/en\/wp-json\/wp\/v2\/comments?post=161766"}],"version-history":[{"count":6,"href":"https:\/\/igm.gov.md\/en\/wp-json\/wp\/v2\/pages\/161766\/revisions"}],"predecessor-version":[{"id":161778,"href":"https:\/\/igm.gov.md\/en\/wp-json\/wp\/v2\/pages\/161766\/revisions\/161778"}],"wp:attachment":[{"href":"https:\/\/igm.gov.md\/en\/wp-json\/wp\/v2\/media?parent=161766"}],"curies":[{"name":"wp","href":"https:\/\/api.w.org\/{rel}","templated":true}]}}