{"id":154714,"date":"2024-03-18T15:37:17","date_gmt":"2024-03-18T12:37:17","guid":{"rendered":"https:\/\/igm.gov.md\/?page_id=154714"},"modified":"2026-03-14T04:48:20","modified_gmt":"2026-03-14T01:48:20","slug":"pravo-na-vremennoe-prozhivanie-v-tselyah","status":"publish","type":"page","link":"https:\/\/igm.gov.md\/ru\/vremennoe-prozhivanie\/pravo-na-vremennoe-prozhivanie-v-tselyah\/","title":{"rendered":"\u041f\u0440\u0430\u0432\u043e \u043d\u0430 \u0432\u0440\u0435\u043c\u0435\u043d\u043d\u043e\u0435 \u043f\u0440\u043e\u0436\u0438\u0432\u0430\u043d\u0438\u0435 \u0432 \u0446\u0435\u043b\u044f\u0445 \u0440\u0430\u0431\u043e\u0442\u044b"},"content":{"rendered":"<div class=\"brz brz-root__container brz-reset-all brz-root__container-page\">\n<section id=\"vXwTHGvYGuwT_vXwTHGvYGuwT\" class=\"brz-section brz-css-d-section brz-css-7jnkqv\">\n<div class=\"brz-section__content brz-section--boxed brz-css-d-sectionitem-bg brz-css-mxs938\" data-brz-custom-id=\"rjtyyLlEfJhV\">\n<div class=\"brz-container brz-css-d-sectionitem-container brz-css-os0y69\">\n<div id=\"\" class=\"brz-css-d-wrapper brz-css-t1b172 brz-wrapper\">\n<div class=\"brz-rich-text brz-rich-text__custom brz-css-d-richtext brz-css-1owdbl1\" data-brz-custom-id=\"mx7yhyxDvqRq\">\n<div data-brz-translate-text=\"1\">\n<h2 class=\"brz-tp-lg-heading2 brz-text-lg-center brz-css-pGzt7\" data-generated-css=\"brz-css-jxrQl\" data-uniq-id=\"k62MN\"><span class=\"brz-cp-color4\">Dreptul de \u0219edere provizorie cu scop de munc\u0103<\/span><\/h2>\n<\/div>\n<\/div>\n<\/div>\n<div id=\"\" class=\"brz-css-d-wrapper brz-css-r-wrapper brz-css-ioq8cs brz-wrapper\">\n<div class=\"brz-spacer brz-css-d-spacer brz-css-n2e7oi\"><\/div>\n<\/div>\n<div class=\"brz-row__container brz-css-d-row-row brz-css-pz2ixm\" data-brz-custom-id=\"sbO9tL9FmwYw\">\n<div class=\"brz-row brz-css-d-row-container brz-css-1f1ihuw\">\n<div class=\"brz-columns brz-css-d-column-column brz-css-zy9dzl\" data-brz-custom-id=\"ujAxnMeLlgdT\">\n<div class=\"brz-bg\">\n<div class=\"brz-bg-color\"><\/div>\n<\/div>\n<div class=\"brz-column__items brz-css-d-column-bg brz-css-1o6m45x\">\n<div id=\"\" class=\"brz-css-d-wrapper brz-css-1emolwf brz-wrapper\">\n<div class=\"brz-rich-text brz-rich-text__custom brz-css-d-richtext brz-css-12poyl3\" data-brz-custom-id=\"hp0D4wpN8AYW\">\n<div data-brz-translate-text=\"1\">\n<h5 data-uniq-id=\"va2Fk\" data-generated-css=\"brz-css-s2gEL\" class=\"brz-tp-lg-heading5 brz-css-zew8S\"><strong class=\"brz-cp-color4\">Lucr\u0103tor imigrant<\/strong><\/h5>\n<\/div>\n<\/div>\n<\/div>\n<div id=\"\" class=\"brz-css-d-wrapper brz-css-fualsa brz-wrapper\">\n<div class=\"brz-rich-text brz-rich-text__custom brz-css-d-richtext brz-css-80j5gj\" data-brz-custom-id=\"fOL0pNcd4UTK\">\n<div data-brz-translate-text=\"1\">\n<p data-generated-css=\"brz-css-yj77Z\" data-uniq-id=\"kfh6l\" class=\"brz-tp-lg-e9e9Zm81RCkc brz-css-nLexH\"><span class=\"brz-cp-color7\">Lista actelor pentru&nbsp;acordarea&nbsp;\u0219i prelungirea dreptului de \u015federe provizorie \u00een scop de munc\u0103<\/span><\/p>\n<\/div>\n<\/div>\n<\/div>\n<div id=\"\" class=\"brz-css-d-wrapper brz-css-wpwqdj brz-wrapper\">\n<div class=\"brz-rich-text brz-rich-text__custom brz-css-d-richtext brz-css-9qafxn\" data-brz-custom-id=\"dyAsJElER06q\">\n<div data-brz-translate-text=\"1\">\n<p class=\"brz-tp-lg-e9e9Zm81RCkc brz-css-bUdRv\" data-generated-css=\"brz-css-t0_g3\" data-uniq-id=\"hIJOC\"><a class=\"brz-cp-color4 link--page\" href=\"https:\/\/igm.gov.md\/imigrare\/sederea-provizorie\/munca\/lucrator-imigrant\/\" data-brz-link-type=\"page\"><u>Afl\u0103 mai multe<\/u><\/a><\/p>\n<\/div>\n<\/div>\n<\/div>\n<div id=\"\" class=\"brz-css-d-wrapper brz-css-10mmueq brz-wrapper\">\n<div class=\"brz-rich-text brz-rich-text__custom brz-css-d-richtext brz-css-1d9fr2b\" data-brz-custom-id=\"eR1C07izYxvT\">\n<div data-brz-translate-text=\"1\">\n<p class=\"brz-tp-lg-e9e9Zm81RCkc brz-css-hcthi\" data-uniq-id=\"f9ccN\" data-generated-css=\"brz-css-glkkd\"><a class=\"brz-cp-color4 link--external\" href=\"https:\/\/e-migrare.gov.md\/\" data-brz-link-type=\"external\" target=\"_blank\" rel=\"noreferrer noopener\"><u>Aplic\u0103 online<\/u><\/a><\/p>\n<\/div>\n<\/div>\n<\/div>\n<\/div>\n<\/div>\n<div class=\"brz-columns brz-css-d-column-column brz-css-nmxgk0\" data-brz-custom-id=\"dosfgte4T2Hn\">\n<div class=\"brz-bg\">\n<div class=\"brz-bg-color\"><\/div>\n<\/div>\n<div class=\"brz-column__items brz-css-d-column-bg brz-css-o8rjzj\">\n<div id=\"\" class=\"brz-css-d-wrapper brz-css-qmv8lg brz-wrapper\">\n<div class=\"brz-rich-text brz-rich-text__custom brz-css-d-richtext brz-css-9xe84s\" data-brz-custom-id=\"uxewut2mdjDi\">\n<div data-brz-translate-text=\"1\">\n<h5 class=\"brz-tp-lg-heading5 brz-css-w2gP0\" data-generated-css=\"brz-css-kUDHV\" data-uniq-id=\"qar6S\"><strong class=\"brz-cp-color4\">Lucr\u0103tor str\u0103in deta\u0219at<\/strong><\/h5>\n<\/div>\n<\/div>\n<\/div>\n<div id=\"\" class=\"brz-css-d-wrapper brz-css-1dd51r2 brz-wrapper\">\n<div class=\"brz-rich-text brz-rich-text__custom brz-css-d-richtext brz-css-1sq9sef\" data-brz-custom-id=\"zRay1UbdjRjT\">\n<div data-brz-translate-text=\"1\">\n<p data-generated-css=\"brz-css-yj77Z\" data-uniq-id=\"kfh6l\" class=\"brz-tp-lg-e9e9Zm81RCkc brz-css-gc0YW\"><span class=\"brz-cp-color7\">Lista actelor pentru&nbsp;acordarea&nbsp;\u0219i prelungirea dreptului de \u015federe provizorie \u00een scop de munc\u0103<\/span><\/p>\n<\/div>\n<\/div>\n<\/div>\n<div id=\"\" class=\"brz-css-d-wrapper brz-css-7fbv6v brz-wrapper\">\n<div class=\"brz-rich-text brz-rich-text__custom brz-css-d-richtext brz-css-16o1ars\" data-brz-custom-id=\"h1qCGd93j6jv\">\n<div data-brz-translate-text=\"1\">\n<p class=\"brz-tp-lg-e9e9Zm81RCkc brz-css-tI9nQ\" data-uniq-id=\"mksJi\" data-generated-css=\"brz-css-jOmvy\"><a class=\"brz-cp-color4 link--page\" href=\"https:\/\/igm.gov.md\/imigrare\/sederea-provizorie\/munca\/lucrator-strain-detasat\/\" data-brz-link-type=\"page\"><u>Afl\u0103 mai multe<\/u><\/a><\/p>\n<\/div>\n<\/div>\n<\/div>\n<div id=\"\" class=\"brz-css-d-wrapper brz-css-ibq4wd brz-wrapper\">\n<div class=\"brz-rich-text brz-rich-text__custom brz-css-d-richtext brz-css-o9lzxq\" data-brz-custom-id=\"fJrRqFGYstXJ\">\n<div data-brz-translate-text=\"1\">\n<p class=\"brz-tp-lg-e9e9Zm81RCkc brz-css-qThrQ\" data-generated-css=\"brz-css-wem8h\" data-uniq-id=\"gT4Tw\"><a class=\"brz-cp-color4 link--external\" href=\"https:\/\/e-migrare.gov.md\/\" data-brz-link-type=\"external\" target=\"_blank\" rel=\"noreferrer noopener\"><u>Aplic\u0103 online<\/u><\/a><\/p>\n<\/div>\n<\/div>\n<\/div>\n<\/div>\n<\/div>\n<div class=\"brz-columns brz-css-d-column-column brz-css-kzdlfd\" data-brz-custom-id=\"pwSDIY5f02qA\">\n<div class=\"brz-bg\">\n<div class=\"brz-bg-color\"><\/div>\n<\/div>\n<div class=\"brz-column__items brz-css-d-column-bg brz-css-1wtm7h9\">\n<div id=\"\" class=\"brz-css-d-wrapper brz-css-1qmdhuz brz-wrapper\">\n<div class=\"brz-rich-text brz-rich-text__custom brz-css-d-richtext brz-css-og3ede\" data-brz-custom-id=\"fF9Tw0XiaYE5\">\n<div data-brz-translate-text=\"1\">\n<h5 class=\"brz-tp-lg-heading5 brz-css-qWWBQ\" data-uniq-id=\"uJgb8\" data-generated-css=\"brz-css-sx1Dj\"><strong class=\"brz-cp-color4\">Str\u0103ini ale c\u0103ror specialit\u0103\u021bi  sunt incluse \u00een lista ocupa\u021biilor prioritare<\/strong><\/h5>\n<\/div>\n<\/div>\n<\/div>\n<div id=\"\" class=\"brz-css-d-wrapper brz-css-kvpaat brz-wrapper\">\n<div class=\"brz-rich-text brz-rich-text__custom brz-css-d-richtext brz-css-kd4pkz\" data-brz-custom-id=\"v7Osw5xckQbu\">\n<div data-brz-translate-text=\"1\">\n<p data-generated-css=\"brz-css-yj77Z\" data-uniq-id=\"kfh6l\" class=\"brz-tp-lg-e9e9Zm81RCkc brz-css-cpVRp\"><span class=\"brz-cp-color7\">Lista actelor pentru&nbsp;acordarea&nbsp;\u0219i prelungirea dreptului de \u015federe provizorie \u00een scop de munc\u0103<\/span><\/p>\n<\/div>\n<\/div>\n<\/div>\n<div id=\"\" class=\"brz-css-d-wrapper brz-css-1vjilg4 brz-wrapper\">\n<div class=\"brz-rich-text brz-rich-text__custom brz-css-d-richtext brz-css-9g2473\" data-brz-custom-id=\"dsfu7rUTsQOI\">\n<div data-brz-translate-text=\"1\">\n<p class=\"brz-tp-lg-e9e9Zm81RCkc brz-css-l_8WV\" data-generated-css=\"brz-css-ovyq4\" data-uniq-id=\"jvHU3\"><a class=\"brz-cp-color4 link--page\" href=\"https:\/\/igm.gov.md\/imigrare\/sederea-provizorie\/munca\/acordarea-si-prelungirea-dreptului-de-sedere-in-scop-de-munca-strainilor-ale-caror-specialitati-sunt-incluse-in-lista-ocupatiilor-prioritare\/\" data-brz-link-type=\"page\"><u>Afl\u0103 mai multe<\/u><\/a><\/p>\n<\/div>\n<\/div>\n<\/div>\n<\/div>\n<\/div>\n<\/div>\n<\/div>\n<div class=\"brz-row__container brz-css-d-row-row brz-css-1qr2fxq\" data-brz-custom-id=\"szipzDICk2Pr\">\n<div class=\"brz-row brz-css-d-row-container brz-css-10dfqg7\">\n<div class=\"brz-columns brz-css-d-column-column brz-css-8q6bl7\" data-brz-custom-id=\"cDRk5OrXTtwu\">\n<div class=\"brz-bg\">\n<div class=\"brz-bg-color\"><\/div>\n<\/div>\n<div class=\"brz-column__items brz-css-d-column-bg brz-css-cy34jv\">\n<div id=\"\" class=\"brz-css-d-wrapper brz-css-wknbg4 brz-wrapper\">\n<div class=\"brz-rich-text brz-rich-text__custom brz-css-d-richtext brz-css-1b85ivz\" data-brz-custom-id=\"txxJqKJTgdr5\">\n<div data-brz-translate-text=\"1\">\n<h5 class=\"brz-tp-lg-heading5 brz-css-x92OP\" data-uniq-id=\"nnA5r\" data-generated-css=\"brz-css-r7kEC\"><strong class=\"brz-cp-color4\">Str\u0103in dintr-un stat membru al UE<\/strong><\/h5>\n<\/div>\n<\/div>\n<\/div>\n<div id=\"\" class=\"brz-css-d-wrapper brz-css-1o72uyn brz-wrapper\">\n<div class=\"brz-rich-text brz-rich-text__custom brz-css-d-richtext brz-css-6v90tq\" data-brz-custom-id=\"kjCjAEj6cedd\">\n<div data-brz-translate-text=\"1\">\n<p data-generated-css=\"brz-css-yj77Z\" data-uniq-id=\"kfh6l\" class=\"brz-tp-lg-e9e9Zm81RCkc brz-css-nMbKC\"><span class=\"brz-cp-color7\">Lista actelor pentru&nbsp;acordarea&nbsp;\u0219i prelungirea dreptului de \u015federe provizorie \u00een scop de munc\u0103<\/span><\/p>\n<\/div>\n<\/div>\n<\/div>\n<div id=\"\" class=\"brz-css-d-wrapper brz-css-1nrbe8m brz-wrapper\">\n<div class=\"brz-rich-text brz-rich-text__custom brz-css-d-richtext brz-css-wqbjwt\" data-brz-custom-id=\"f8Axr7s26mU3\">\n<div data-brz-translate-text=\"1\">\n<p class=\"brz-tp-lg-e9e9Zm81RCkc brz-css-eEmMP\" data-uniq-id=\"xl1KQ\" data-generated-css=\"brz-css-fjfek\"><a class=\"brz-cp-color4 link--page\" href=\"https:\/\/igm.gov.md\/strain-dintr-un-stat-membru-al-ue\/\" data-brz-link-type=\"page\"><u>Afl\u0103 mai multe<\/u><\/a><\/p>\n<\/div>\n<\/div>\n<\/div>\n<div id=\"\" class=\"brz-css-d-wrapper brz-css-1pa71rc brz-wrapper\">\n<div class=\"brz-rich-text brz-rich-text__custom brz-css-d-richtext brz-css-11obkyk\" data-brz-custom-id=\"l5S5zasovP29\">\n<div data-brz-translate-text=\"1\">\n<p class=\"brz-tp-lg-e9e9Zm81RCkc brz-css-sZ5yl\" data-generated-css=\"brz-css-xQiTy\" data-uniq-id=\"qX4nE\"><a class=\"brz-cp-color4 link--external\" href=\"https:\/\/e-migrare.gov.md\/\" data-brz-link-type=\"external\" target=\"_blank\" rel=\"noreferrer noopener\"><u>Aplic\u0103 online<\/u><\/a><\/p>\n<\/div>\n<\/div>\n<\/div>\n<\/div>\n<\/div>\n<div class=\"brz-columns brz-css-d-column-column brz-css-190huul\" data-brz-custom-id=\"iPI1ghzfCvFa\">\n<div class=\"brz-bg\">\n<div class=\"brz-bg-color\"><\/div>\n<\/div>\n<div class=\"brz-column__items brz-css-d-column-bg brz-css-o3q5s0\">\n<div id=\"\" class=\"brz-css-d-wrapper brz-css-1ccqd58 brz-wrapper\">\n<div class=\"brz-rich-text brz-rich-text__custom brz-css-d-richtext brz-css-114z99i\" data-brz-custom-id=\"v_jaO0NU19as\">\n<div data-brz-translate-text=\"1\">\n<h5 class=\"brz-tp-lg-heading5 brz-css-w5vaM\" data-uniq-id=\"b5BWG\" data-generated-css=\"brz-css-ntlRY\"><strong class=\"brz-cp-color4\">Lucr\u0103tor \u00eenalt calificat<\/strong><\/h5>\n<\/div>\n<\/div>\n<\/div>\n<div id=\"\" class=\"brz-css-d-wrapper brz-css-1g8dk7y brz-wrapper\">\n<div class=\"brz-rich-text brz-rich-text__custom brz-css-d-richtext brz-css-tfemxw\" data-brz-custom-id=\"pZZIJpOSwMyc\">\n<div data-brz-translate-text=\"1\">\n<p data-generated-css=\"brz-css-yj77Z\" data-uniq-id=\"kfh6l\" class=\"brz-tp-lg-e9e9Zm81RCkc brz-css-h10M1\"><span class=\"brz-cp-color7\">Lista actelor pentru&nbsp;acordarea&nbsp;\u0219i prelungirea dreptului de \u015federe provizorie \u00een scop de munc\u0103<\/span><\/p>\n<\/div>\n<\/div>\n<\/div>\n<div id=\"\" class=\"brz-css-d-wrapper brz-css-1lzehzo brz-wrapper\">\n<div class=\"brz-rich-text brz-rich-text__custom brz-css-d-richtext brz-css-sym7u7\" data-brz-custom-id=\"mgCjz70wnSsz\">\n<div data-brz-translate-text=\"1\">\n<p class=\"brz-tp-lg-e9e9Zm81RCkc brz-css-qyaN_\" data-generated-css=\"brz-css-nN6ww\" data-uniq-id=\"uGjDr\"><a class=\"brz-cp-color4 link--page\" href=\"https:\/\/igm.gov.md\/imigrare\/sederea-provizorie\/munca\/acordarea-si-prelungirea-dreptului-de-sedere-in-scop-de-munca-lucratorilor-straini-inalt-calificati\/\" data-brz-link-type=\"page\"><u>Afl\u0103 mai multe<\/u><\/a><\/p>\n<\/div>\n<\/div>\n<\/div>\n<div id=\"\" class=\"brz-css-d-wrapper brz-css-148i354 brz-wrapper\">\n<div class=\"brz-rich-text brz-rich-text__custom brz-css-d-richtext brz-css-jckl47\" data-brz-custom-id=\"aarRyuQjPZxo\">\n<div data-brz-translate-text=\"1\">\n<p class=\"brz-tp-lg-e9e9Zm81RCkc brz-css-wmfNO\" data-uniq-id=\"hPETW\" data-generated-css=\"brz-css-bGUQh\"><a class=\"brz-cp-color4 link--external\" href=\"https:\/\/e-migrare.gov.md\/\" data-brz-link-type=\"external\" target=\"_blank\" rel=\"noreferrer noopener\"><u>Aplic\u0103 online<\/u><\/a><\/p>\n<\/div>\n<\/div>\n<\/div>\n<\/div>\n<\/div>\n<div class=\"brz-columns brz-css-d-column-column brz-css-1otzx6z\" data-brz-custom-id=\"qHMqfEJZTCjX\">\n<div class=\"brz-bg\">\n<div class=\"brz-bg-color\"><\/div>\n<\/div>\n<div class=\"brz-column__items brz-css-d-column-bg brz-css-10b017m\">\n<div id=\"\" class=\"brz-css-d-wrapper brz-css-m87h7t brz-wrapper\">\n<div class=\"brz-rich-text brz-rich-text__custom brz-css-d-richtext brz-css-1w06aqo\" data-brz-custom-id=\"g_0NBkbMPqvI\">\n<div data-brz-translate-text=\"1\">\n<h5 class=\"brz-tp-lg-heading5 brz-css-zuBA3\" data-uniq-id=\"mf_hC\" data-generated-css=\"brz-css-buErC\"><strong class=\"brz-cp-color4\">Str\u0103in care desf\u0103\u0219oar\u0103 activit\u0103\u0163i \u00een domeniul didactic, cultur\u0103, s\u0103n\u0103tate sau sport<\/strong><\/h5>\n<\/div>\n<\/div>\n<\/div>\n<div id=\"\" class=\"brz-css-d-wrapper brz-css-a0lkmx brz-wrapper\">\n<div class=\"brz-rich-text brz-rich-text__custom brz-css-d-richtext brz-css-8p1ulk\" data-brz-custom-id=\"viq1aVEEXTKw\">\n<div data-brz-translate-text=\"1\">\n<p data-generated-css=\"brz-css-yj77Z\" data-uniq-id=\"kfh6l\" class=\"brz-tp-lg-e9e9Zm81RCkc brz-css-iSLcY\"><span class=\"brz-cp-color7\">Lista actelor pentru&nbsp;acordarea&nbsp;\u0219i prelungirea dreptului de \u015federe provizorie \u00een scop de munc\u0103<\/span><\/p>\n<\/div>\n<\/div>\n<\/div>\n<div id=\"\" class=\"brz-css-d-wrapper brz-css-4p6734 brz-wrapper\">\n<div class=\"brz-rich-text brz-rich-text__custom brz-css-d-richtext brz-css-1wd55pk\" data-brz-custom-id=\"nOmweQyYIeJV\">\n<div data-brz-translate-text=\"1\">\n<p class=\"brz-tp-lg-e9e9Zm81RCkc brz-css-ahv7j\" data-uniq-id=\"vd7NJ\" data-generated-css=\"brz-css-yrWPr\"><a class=\"link--page brz-cp-color4\" href=\"https:\/\/igm.gov.md\/imigrare\/sederea-provizorie\/munca\/acordarea-si-prelungirea-dreptului-de-sedere-in-scop-de-munca-strainilor-care-desfasoara-activitati-didactice-in-domeniile-culturii-sanatatii-sau-sportului\/\" data-brz-link-type=\"page\"><u>Afl\u0103 mai multe<\/u><\/a><\/p>\n<p class=\"brz-tp-lg-e9e9Zm81RCkc brz-css-yphOX\" data-uniq-id=\"l8EKH\" data-generated-css=\"brz-css-hGKCu\"><\/p>\n<p data-uniq-id=\"j1N1n\" data-generated-css=\"brz-css-jhTfE\" class=\"brz-tp-lg-empty brz-ff-open_sans brz-ft-google brz-fs-lg-16 brz-fss-lg-px brz-fw-lg-400 brz-ls-lg-0 brz-lh-lg-1_4 brz-vfw-lg-400 brz-fwdth-lg-100 brz-fsft-lg-0 brz-css-oGqkf\"><a class=\"brz-cp-color4 brz-underline-true link--external\" href=\"https:\/\/e-migrare.gov.md\/\" data-brz-link-type=\"external\" target=\"_blank\" rel=\"noreferrer noopener\"><u>Aplic\u0103 online <\/u><\/a><\/p>\n<\/div>\n<\/div>\n<\/div>\n<\/div>\n<\/div>\n<\/div>\n<\/div>\n<div class=\"brz-row__container brz-css-d-row-row brz-css-1vr9zey\" data-brz-custom-id=\"rHFjLlO3gKSb\">\n<div class=\"brz-row brz-css-d-row-container brz-css-1ijhuuy\">\n<div class=\"brz-columns brz-css-d-column-column brz-css-2ayjb8\" data-brz-custom-id=\"y5NrnKoKw2p4\">\n<div class=\"brz-bg\">\n<div class=\"brz-bg-color\"><\/div>\n<\/div>\n<div class=\"brz-column__items brz-css-d-column-bg brz-css-1u4l8o3\">\n<div id=\"\" class=\"brz-css-d-wrapper brz-css-1i5ikfa brz-wrapper\">\n<div class=\"brz-rich-text brz-rich-text__custom brz-css-d-richtext brz-css-1i4tv93\" data-brz-custom-id=\"oumvx3k4SbBL\">\n<div data-brz-translate-text=\"1\">\n<h5 class=\"brz-tp-lg-heading5 brz-css-xTinU\" data-generated-css=\"brz-css-sMh_C\" data-uniq-id=\"lhS4w\"><strong class=\"brz-cp-color4\">Persoan\u0103 cu func\u0163ie de conducere&nbsp;din domeniul&nbsp;TI<\/strong><\/h5>\n<\/div>\n<\/div>\n<\/div>\n<div id=\"\" class=\"brz-css-d-wrapper brz-css-14crlij brz-wrapper\">\n<div class=\"brz-rich-text brz-rich-text__custom brz-css-d-richtext brz-css-ndmn7f\" data-brz-custom-id=\"yZDJlEliW_tM\">\n<div data-brz-translate-text=\"1\">\n<p data-generated-css=\"brz-css-yj77Z\" data-uniq-id=\"kfh6l\" class=\"brz-tp-lg-e9e9Zm81RCkc brz-css-ie6nW\"><span class=\"brz-cp-color7\">Lista actelor pentru&nbsp;acordarea&nbsp;\u0219i prelungirea dreptului de \u015federe provizorie \u00een scop de munc\u0103<\/span><\/p>\n<\/div>\n<\/div>\n<\/div>\n<div id=\"\" class=\"brz-css-d-wrapper brz-css-i5dvhm brz-wrapper\">\n<div class=\"brz-rich-text brz-rich-text__custom brz-css-d-richtext brz-css-fks4nh\" data-brz-custom-id=\"ny2Hh9XnlOxF\">\n<div data-brz-translate-text=\"1\">\n<p class=\"brz-tp-lg-e9e9Zm81RCkc brz-css-aTqYa\" data-generated-css=\"brz-css-zHJH_\" data-uniq-id=\"h0WOi\"><a class=\"brz-cp-color4 link--page\" href=\"https:\/\/igm.gov.md\/imigrare\/sederea-provizorie\/persoana-cu-functie-de-conducere-in-domeniul-ti\/\" data-brz-link-type=\"page\"><u>Afl\u0103 mai multe<\/u><\/a><\/p>\n<\/div>\n<\/div>\n<\/div>\n<div id=\"\" class=\"brz-css-d-wrapper brz-css-17ol5v5 brz-wrapper\">\n<div class=\"brz-rich-text brz-rich-text__custom brz-css-d-richtext brz-css-106fdrw\" data-brz-custom-id=\"qszx899hQmKn\">\n<div data-brz-translate-text=\"1\">\n<p class=\"brz-tp-lg-e9e9Zm81RCkc brz-css-m2FJV\" data-uniq-id=\"aetiy\" data-generated-css=\"brz-css-oDQ4t\"><a class=\"brz-cp-color4 link--external\" href=\"https:\/\/e-migrare.gov.md\/\" data-brz-link-type=\"external\" target=\"_blank\" rel=\"noreferrer noopener\"><u>Aplic\u0103 online<\/u><\/a><\/p>\n<\/div>\n<\/div>\n<\/div>\n<\/div>\n<\/div>\n<div class=\"brz-columns brz-css-d-column-column brz-css-19yx6d1\" data-brz-custom-id=\"mVrhLhWrqjt8\">\n<div class=\"brz-bg\">\n<div class=\"brz-bg-color\"><\/div>\n<\/div>\n<div class=\"brz-column__items brz-css-d-column-bg brz-css-68a3j8\">\n<div id=\"\" class=\"brz-css-d-wrapper brz-css-1jqytio brz-wrapper\">\n<div class=\"brz-rich-text brz-rich-text__custom brz-css-d-richtext brz-css-2dlqwg\" data-brz-custom-id=\"ictf5mQYFgWt\">\n<div data-brz-translate-text=\"1\">\n<h5 class=\"brz-tp-lg-heading5 brz-css-yk2g9\" data-uniq-id=\"pjXKA\" data-generated-css=\"brz-css-fPMaz\"><strong class=\"brz-cp-color4\">Specialist din domeniul tehnologiei informa\u0163iei &#8212;&nbsp;TI<\/strong><\/h5>\n<\/div>\n<\/div>\n<\/div>\n<div id=\"\" class=\"brz-css-d-wrapper brz-css-1dxkf4 brz-wrapper\">\n<div class=\"brz-rich-text brz-rich-text__custom brz-css-d-richtext brz-css-1c5pxup\" data-brz-custom-id=\"o7QHZZO7ur_1\">\n<div data-brz-translate-text=\"1\">\n<p data-generated-css=\"brz-css-yj77Z\" data-uniq-id=\"kfh6l\" class=\"brz-tp-lg-e9e9Zm81RCkc brz-css-rpmXa\"><span class=\"brz-cp-color7\">Lista actelor pentru&nbsp;acordarea&nbsp;\u0219i prelungirea dreptului de \u015federe provizorie \u00een scop de munc\u0103<\/span><\/p>\n<\/div>\n<\/div>\n<\/div>\n<div id=\"\" class=\"brz-css-d-wrapper brz-css-1w4s9zx brz-wrapper\">\n<div class=\"brz-rich-text brz-rich-text__custom brz-css-d-richtext brz-css-1553m61\" data-brz-custom-id=\"wKPEZZ6TItVr\">\n<div data-brz-translate-text=\"1\">\n<p class=\"brz-tp-lg-e9e9Zm81RCkc brz-css-cKxob\" data-uniq-id=\"cyBYl\" data-generated-css=\"brz-css-ctJhE\"><a class=\"brz-cp-color4 link--page\" href=\"https:\/\/igm.gov.md\/imigrare\/sederea-provizorie\/munca\/acordarea-si-prelungirea-dreptului-de-sedere-in-scop-de-munca-specialistilor-din-domeniul-tehnologiei-informatiei-ti\/\" data-brz-link-type=\"page\"><u>Afl\u0103 mai multe<\/u><\/a><\/p>\n<\/div>\n<\/div>\n<\/div>\n<\/div>\n<\/div>\n<div class=\"brz-columns brz-css-d-column-column brz-css-598bdw\" data-brz-custom-id=\"dEtEiOyaUNE9\">\n<div class=\"brz-bg\">\n<div class=\"brz-bg-color\"><\/div>\n<\/div>\n<div class=\"brz-column__items brz-css-d-column-bg brz-css-17bc8ga\">\n<div id=\"\" class=\"brz-css-d-wrapper brz-css-rg5g9n brz-wrapper\">\n<div class=\"brz-rich-text brz-rich-text__custom brz-css-d-richtext brz-css-1b5s7cm\" data-brz-custom-id=\"ggLKzPkIG_9E\">\n<div data-brz-translate-text=\"1\">\n<h5 class=\"brz-tp-lg-heading5 brz-css-s3ouq\" data-uniq-id=\"oA42d\" data-generated-css=\"brz-css-xy7u3\"><strong class=\"brz-cp-color4\">Str\u0103in angajat ai reziden\u0163ilor zonelor economice libere (ZEL)<\/strong><\/h5>\n<\/div>\n<\/div>\n<\/div>\n<div id=\"\" class=\"brz-css-d-wrapper brz-css-1wuwqoi brz-wrapper\">\n<div class=\"brz-rich-text brz-rich-text__custom brz-css-d-richtext brz-css-ktaolc\" data-brz-custom-id=\"bHCkmhkFgqlB\">\n<div data-brz-translate-text=\"1\">\n<p data-generated-css=\"brz-css-yj77Z\" data-uniq-id=\"kfh6l\" class=\"brz-tp-lg-e9e9Zm81RCkc brz-css-hANfE\"><span class=\"brz-cp-color7\">Lista actelor pentru&nbsp;acordarea&nbsp;\u0219i prelungirea dreptului de \u015federe provizorie \u00een scop de munc\u0103<\/span><\/p>\n<\/div>\n<\/div>\n<\/div>\n<div id=\"\" class=\"brz-css-d-wrapper brz-css-1c381wm brz-wrapper\">\n<div class=\"brz-rich-text brz-rich-text__custom brz-css-d-richtext brz-css-ah41bw\" data-brz-custom-id=\"vkkF9IFuDuzL\">\n<div data-brz-translate-text=\"1\">\n<p class=\"brz-tp-lg-e9e9Zm81RCkc brz-css-t72ia\" data-uniq-id=\"saS9Z\" data-generated-css=\"brz-css-w3pIW\"><a class=\"brz-cp-color4 link--page\" href=\"https:\/\/igm.gov.md\/imigrare\/sederea-provizorie\/munca\/acordarea-si-prelungirea-dreptului-de-sedere-in-scop-de-munca-strainilor-angajati-ai-rezidentilor-zonelor-economice-libere-zel\/\" data-brz-link-type=\"page\"><u>Afl\u0103 mai multe<\/u><\/a><\/p>\n<\/div>\n<\/div>\n<\/div>\n<div id=\"\" class=\"brz-css-d-wrapper brz-css-s6lqz1 brz-wrapper\">\n<div class=\"brz-rich-text brz-rich-text__custom brz-css-d-richtext brz-css-p5vpo9\" data-brz-custom-id=\"mT5x0ubTplG1\">\n<div data-brz-translate-text=\"1\">\n<p class=\"brz-tp-lg-e9e9Zm81RCkc brz-css-mtIct\" data-generated-css=\"brz-css-ucLFR\" data-uniq-id=\"lqLOe\"><a class=\"brz-cp-color4 link--external\" href=\"https:\/\/e-migrare.gov.md\/\" data-brz-link-type=\"external\" target=\"_blank\" rel=\"noreferrer noopener\"><u>Aplic\u0103 online<\/u><\/a><\/p>\n<\/div>\n<\/div>\n<\/div>\n<\/div>\n<\/div>\n<\/div>\n<\/div>\n<div class=\"brz-row__container brz-css-d-row-row brz-css-94qyf4\" data-brz-custom-id=\"eYYcdPQAN8If\">\n<div class=\"brz-row brz-css-d-row-container brz-css-r-row-container brz-css-1vulyk8\">\n<div class=\"brz-columns brz-css-d-column-column brz-css-wjar82\" data-brz-custom-id=\"vC9S2Wsqb0dt\">\n<div class=\"brz-column__items brz-css-d-column-bg brz-css-1ipwl41\"><\/div>\n<\/div>\n<div class=\"brz-columns brz-css-d-column-column brz-css-xb7afb\" data-brz-custom-id=\"vbZEqhWUKnQx\">\n<div class=\"brz-column__items brz-css-d-column-bg brz-css-yozdv1\"><\/div>\n<\/div>\n<\/div>\n<\/div>\n<\/div>\n<\/div>\n<\/section><\/div>\n<p><!-- version:1769193343 --><\/p>\n","protected":false},"excerpt":{"rendered":"<p>Dreptul de \u0219edere provizorie cu scop de munc\u0103 Lucr\u0103tor imigrant Lista actelor pentru&nbsp;acordarea&nbsp;\u0219i prelungirea dreptului de \u015federe provizorie \u00een scop de munc\u0103 Afl\u0103 mai multe Aplic\u0103 online Lucr\u0103tor str\u0103in deta\u0219at Lista actelor pentru&nbsp;acordarea&nbsp;\u0219i prelungirea dreptului de \u015federe provizorie \u00een scop de munc\u0103 Afl\u0103 mai multe Aplic\u0103 online Str\u0103ini ale c\u0103ror specialit\u0103\u021bi sunt incluse \u00een lista&hellip; <a class=\"more-link\" href=\"https:\/\/igm.gov.md\/ru\/vremennoe-prozhivanie\/pravo-na-vremennoe-prozhivanie-v-tselyah\/\">\u0427\u0438\u0442\u0430\u0442\u044c \u0434\u0430\u043b\u0435\u0435 <span class=\"screen-reader-text\">\u041f\u0440\u0430\u0432\u043e \u043d\u0430 \u0432\u0440\u0435\u043c\u0435\u043d\u043d\u043e\u0435 \u043f\u0440\u043e\u0436\u0438\u0432\u0430\u043d\u0438\u0435 \u0432 \u0446\u0435\u043b\u044f\u0445 \u0440\u0430\u0431\u043e\u0442\u044b<\/span><\/a><\/p>\n","protected":false},"author":1,"featured_media":89598,"parent":154728,"menu_order":0,"comment_status":"closed","ping_status":"closed","template":"brizy-blank-template.php","meta":{"footnotes":""},"class_list":["post-154714","page","type-page","status-publish","has-post-thumbnail","hentry","entry"],"jetpack_sharing_enabled":true,"brizy_media":[],"_links":{"self":[{"href":"https:\/\/igm.gov.md\/ru\/wp-json\/wp\/v2\/pages\/154714","targetHints":{"allow":["GET"]}}],"collection":[{"href":"https:\/\/igm.gov.md\/ru\/wp-json\/wp\/v2\/pages"}],"about":[{"href":"https:\/\/igm.gov.md\/ru\/wp-json\/wp\/v2\/types\/page"}],"author":[{"embeddable":true,"href":"https:\/\/igm.gov.md\/ru\/wp-json\/wp\/v2\/users\/1"}],"replies":[{"embeddable":true,"href":"https:\/\/igm.gov.md\/ru\/wp-json\/wp\/v2\/comments?post=154714"}],"version-history":[{"count":2,"href":"https:\/\/igm.gov.md\/ru\/wp-json\/wp\/v2\/pages\/154714\/revisions"}],"predecessor-version":[{"id":162719,"href":"https:\/\/igm.gov.md\/ru\/wp-json\/wp\/v2\/pages\/154714\/revisions\/162719"}],"up":[{"embeddable":true,"href":"https:\/\/igm.gov.md\/ru\/wp-json\/wp\/v2\/pages\/154728"}],"wp:featuredmedia":[{"embeddable":true,"href":"https:\/\/igm.gov.md\/ru\/wp-json\/wp\/v2\/media\/89598"}],"wp:attachment":[{"href":"https:\/\/igm.gov.md\/ru\/wp-json\/wp\/v2\/media?parent=154714"}],"curies":[{"name":"wp","href":"https:\/\/api.w.org\/{rel}","templated":true}]}}