{"id":158174,"date":"2025-11-06T20:48:29","date_gmt":"2025-11-06T17:48:29","guid":{"rendered":"https:\/\/igm.gov.md\/?page_id=158174"},"modified":"2026-03-15T07:12:11","modified_gmt":"2026-03-15T04:12:11","slug":"nezakonnoe-prebyvanie","status":"publish","type":"page","link":"https:\/\/igm.gov.md\/ru\/nezakonnoe-prebyvanie\/","title":{"rendered":"\u041d\u0415\u0417\u0410\u041a\u041e\u041d\u041d\u041e\u0415 \u041f\u0420\u0415\u0411\u042b\u0412\u0410\u041d\u0418\u0415"},"content":{"rendered":"<div class=\"brz brz-root__container brz-reset-all brz-root__container-page\">\n<section id=\"eEZvpNdnw3Cx_eEZvpNdnw3Cx\" class=\"brz-section brz-css-10kou7y brz-css-1knlqog\">\n<div class=\"brz-section__content brz-section--boxed brz-css-14u7grg brz-css-cy5u1w\" data-brz-custom-id=\"tYqObXHOMtBX\">\n<div class=\"brz-container brz-css-46aqyw brz-css-wcrl88\">\n<div class=\"brz-row__container brz-css-fd194n brz-css-19ulh74\" data-brz-custom-id=\"tVzlvBFAXPiI\">\n<div class=\"brz-row brz-css-k49a4x brz-css-1s6p1i1 brz-css-ku7qpo\">\n<div class=\"brz-columns brz-css-1d2co3w brz-css-5xsvan\" data-brz-custom-id=\"mU59MrBywpsU\">\n<div class=\"brz-column__items brz-css-12iw4lp brz-css-8zz9eu\">\n<div id=\"\" class=\"brz-css-1o317k8 brz-css-we8jw9 brz-wrapper\">\n<div class=\"brz-image brz-css-10o86di brz-css-6xgvcb\" data-brz-custom-id=\"g0rKUCmm8kkw\"><img decoding=\"async\" class=\"brz-img\" src=\"https:\/\/igm.gov.md\/ru\/?brizy_media=wp-a2c1893ff2624e064ad2d9519a5c304c.jpg&amp;brizy_crop=iW%3D1140%26iH%3D760%26oX%3D0%26oY%3D182%26cW%3D1140%26cH%3D365\" loading=\"lazy\" alt=\"\" title=\"combaterea si prevenirea sederii ilegale igm copy\"><\/div>\n<\/div>\n<\/div>\n<\/div>\n<\/div>\n<\/div>\n<div id=\"\" class=\"brz-css-1o317k8 brz-css-10rkol2 brz-css-11ujyqk brz-wrapper\">\n<div class=\"brz-spacer brz-css-120eqqd brz-css-1wi0u1k\"><\/div>\n<\/div>\n<div class=\"brz-row__container brz-css-fd194n brz-css-14wvnl6\" data-brz-custom-id=\"cyKDjy8UsUwC\">\n<div class=\"brz-row brz-css-k49a4x brz-css-1s6p1i1 brz-css-9agfg7\">\n<div class=\"brz-columns brz-css-1d2co3w brz-css-85abpq\" data-brz-custom-id=\"q5XlqoveVOit\">\n<div class=\"brz-column__items brz-css-12iw4lp brz-css-kl7fg6\">\n<div id=\"\" class=\"brz-css-1o317k8 brz-css-i2icsq brz-wrapper\">\n<div class=\"brz-rich-text brz-rich-text__custom brz-css-phtgla brz-css-1sbfy5q\" data-brz-custom-id=\"waGD2w2BPBbH\">\n<div data-brz-translate-text=\"1\">\n<h1 class=\"brz-text-lg-center brz-tp-lg-heading1 brz-css-fyn7I\" data-generated-css=\"brz-css-rOj2z\" data-uniq-id=\"sR3jF\"><span class=\"brz-cp-color7\">\u041f\u0440\u0435\u0434\u043e\u0442\u0432\u0440\u0430\u0449\u0435\u043d\u0438\u0435 \u0438 \u0431\u043e\u0440\u044c\u0431\u0430 \u0441 \u043d\u0435\u043b\u0435\u0433\u0430\u043b\u044c\u043d\u044b\u043c \u043f\u0440\u0435\u0431\u044b\u0432\u0430\u043d\u0438\u0435\u043c<\/span><\/h1>\n<\/div>\n<\/div>\n<\/div>\n<\/div>\n<\/div>\n<\/div>\n<\/div>\n<div id=\"\" class=\"brz-css-1o317k8 brz-css-10rkol2 brz-css-hw8kgz brz-wrapper\">\n<div class=\"brz-spacer brz-css-120eqqd brz-css-18hy6n2\"><\/div>\n<\/div>\n<div class=\"brz-row__container brz-css-fd194n brz-css-10ac5ug\" data-brz-custom-id=\"sSuqt6OjM8j1\">\n<div class=\"brz-row brz-css-k49a4x brz-css-1s6p1i1 brz-css-10a697c\">\n<div class=\"brz-columns brz-css-1d2co3w brz-css-1ihn3ys\" data-brz-custom-id=\"xAy4iUOVkS8u\">\n<div class=\"brz-column__items brz-css-12iw4lp brz-css-1921ga6\">\n<div id=\"\" class=\"brz-css-1o317k8 brz-css-1ffg5jg brz-wrapper\">\n<div class=\"brz-rich-text brz-rich-text__custom brz-css-phtgla brz-css-1fumcc4\" data-brz-custom-id=\"vODWmz5wgujj\">\n<div data-brz-translate-text=\"1\">\n<p class=\"brz-tp-lg-paragraph brz-css-uCxdF\" data-generated-css=\"brz-css-uKav6\" data-uniq-id=\"y_IjB\"><span class=\"brz-cp-color7\" style=\"background-color: transparent\">Inspectoratul General pentru Migra\u021bie (IGM) are rolul de a supraveghea respectarea regimului de \u0219edere al str\u0103inilor \u00een Republica Moldova \u0219i de a preveni \u0219i combate \u0219ederea ilegal\u0103. \u00cen acest scop, IGM aplic\u0103 m\u0103suri eficiente \u0219i transparente, oferind totodat\u0103 sprijin \u00een vederea conform\u0103rii cu legisla\u021bia na\u021bional\u0103.<\/span><\/p>\n<\/div>\n<\/div>\n<\/div>\n<\/div>\n<\/div>\n<\/div>\n<\/div>\n<div class=\"brz-row__container brz-css-fd194n brz-css-1r3e39p\" data-brz-custom-id=\"oAGHx7e0Tgc7\">\n<div class=\"brz-row brz-css-k49a4x brz-css-1s6p1i1 brz-css-1f5psvs\">\n<div class=\"brz-columns brz-css-1d2co3w brz-css-9n0yrl\" data-brz-custom-id=\"mmoKMfetb8ZR\">\n<div class=\"brz-column__items brz-css-12iw4lp brz-css-1ep4sx8\">\n<div id=\"\" class=\"brz-css-1o317k8 brz-css-1q9hvdr brz-wrapper\">\n<div class=\"brz-rich-text brz-rich-text__custom brz-css-phtgla brz-css-113avuk\" data-brz-custom-id=\"xSUO9MIMvUL9\">\n<div data-brz-translate-text=\"1\">\n<h3 data-generated-css=\"brz-css-irvLL\" data-uniq-id=\"wogSZ\" class=\"brz-tp-lg-heading3 brz-css-mPeXq\"><span class=\"brz-cp-color7\" style=\"background-color: transparent\">Condi\u021bii generale de \u0219edere a str\u0103inilor<\/span><\/h3>\n<\/div>\n<\/div>\n<\/div>\n<div id=\"\" class=\"brz-css-1o317k8 brz-css-1or3954 brz-wrapper\">\n<div class=\"brz-rich-text brz-rich-text__custom brz-css-phtgla brz-css-8ln87k\" data-brz-custom-id=\"esWCRuEDWCad\">\n<div data-brz-translate-text=\"1\">\n<p class=\"brz-tp-lg-paragraph brz-css-eBHnu\" data-generated-css=\"brz-css-r4scU\" data-uniq-id=\"pUT7U\"><span class=\"brz-cp-color7\" style=\"background-color: transparent\">Str\u0103inii pot intra \u0219i r\u0103m\u00e2ne \u00een Republica Moldova pentru o perioad\u0103 de <\/span><strong class=\"brz-cp-color7\" style=\"background-color: transparent\">90 de zile<\/strong><span class=\"brz-cp-color7\" style=\"background-color: transparent\"> \u00een decursul unei perioade de <\/span><strong class=\"brz-cp-color7\" style=\"background-color: transparent\">180 de zile<\/strong><span class=\"brz-cp-color7\" style=\"background-color: transparent\">, respect\u00e2nd scopul declarat al vizitei. Este obligatoriu ca str\u0103inii s\u0103 p\u0103r\u0103seasc\u0103 \u021bara la expirarea termenului legal de \u0219edere \u0219i s\u0103 informeze autorit\u0103\u021bile despre orice schimbare \u00een documente, domiciliu sau cet\u0103\u021benie \u00een termen de <\/span><strong class=\"brz-cp-color7\" style=\"background-color: transparent\">15 zile<\/strong><span class=\"brz-cp-color7\" style=\"background-color: transparent\">.&nbsp;<\/span><\/p>\n<p class=\"brz-tp-lg-paragraph brz-css-wTgx8\" data-generated-css=\"brz-css-hdxUo\" data-uniq-id=\"hccNF\"><span class=\"brz-cp-color7\" style=\"background-color: transparent\">IGM efectueaz\u0103 controale \u0219i verific\u0103ri \u00een locurile frecventate de str\u0103ini \u0219i poate lua m\u0103suri \u00eempotriva celor care \u00eencalc\u0103 regimul de \u0219edere.&nbsp;<\/span><\/p>\n<\/div>\n<\/div>\n<\/div>\n<\/div>\n<\/div>\n<\/div>\n<\/div>\n<div class=\"brz-row__container brz-css-fd194n brz-css-18alvyj\" data-brz-custom-id=\"tmXlmoME1blE\">\n<div class=\"brz-row brz-css-k49a4x brz-css-1s6p1i1 brz-css-1slfbde\">\n<div class=\"brz-columns brz-css-1d2co3w brz-css-1ywuagp\" data-brz-custom-id=\"yrJGDZ5oJMp5\">\n<div class=\"brz-column__items brz-css-12iw4lp brz-css-3219uw\">\n<div id=\"\" class=\"brz-css-1o317k8 brz-css-1wqbs56 brz-wrapper\">\n<div class=\"brz-rich-text brz-rich-text__custom brz-css-phtgla brz-css-1vmavre\" data-brz-custom-id=\"sLTEwQAHPshP\">\n<div data-brz-translate-text=\"1\">\n<p class=\"brz-tp-lg-paragraph brz-css-wj1SJ\" data-uniq-id=\"uKYz_\" data-generated-css=\"brz-css-ofPw8\"><strong class=\"brz-cp-color7\" style=\"background-color: transparent\">Returnarea de pe teritoriul Republicii Moldova <\/strong><span class=\"brz-cp-color7\" style=\"background-color: transparent\">poate fi dispus\u0103 \u00een cazul str\u0103inilor care:<\/span><\/p>\n<\/div>\n<\/div>\n<\/div>\n<div id=\"\" class=\"brz-css-1o317k8 brz-css-ovqy12 brz-wrapper\">\n<div class=\"brz-rich-text brz-rich-text__custom brz-css-phtgla brz-css-1acwsqq\" data-brz-custom-id=\"wpgZJYR9vyld\">\n<div data-brz-translate-text=\"1\">\n<ul>\n<li class=\"brz-tp-lg-paragraph brz-bcp-color7 brz-css-xxwaw\" data-generated-css=\"brz-css-yT4e7\" data-uniq-id=\"pr4p0\"><span class=\"brz-cp-color7\" style=\"background-color: transparent\">Au intrat ilegal pe teritoriul Republicii Moldova;<\/span><\/li>\n<li class=\"brz-tp-lg-paragraph brz-bcp-color7 brz-css-nlS8J\" data-generated-css=\"brz-css-iBVq3\" data-uniq-id=\"zbG7v\"><span class=\"brz-cp-color7\" style=\"background-color: transparent\">Au o \u0219edere ilegal\u0103;<\/span><\/li>\n<li class=\"brz-tp-lg-paragraph brz-bcp-color7 brz-css-gug9P\" data-generated-css=\"brz-css-yIOop\" data-uniq-id=\"c1ji1\"><span class=\"brz-cp-color7\" style=\"background-color: transparent\">Au avut viza sau dreptul de \u0219edere anulat sau revocat;<\/span><\/li>\n<li class=\"brz-tp-lg-paragraph brz-bcp-color7 brz-css-jnXs9\" data-generated-css=\"brz-css-cKxEu\" data-uniq-id=\"i30w0\"><span class=\"brz-cp-color7\" style=\"background-color: transparent\">Au primit refuzul pentru prelungirea dreptului de \u0219edere provizorie;<\/span><\/li>\n<li class=\"brz-tp-lg-paragraph brz-bcp-color7 brz-css-vEkSi\" data-generated-css=\"brz-css-vzYi7\" data-uniq-id=\"ocQJ3\"><span class=\"brz-cp-color7\" style=\"background-color: transparent\">Au \u00eencetat s\u0103 de\u021bin\u0103 dreptul de \u0219edere permanent\u0103;<\/span><\/li>\n<li class=\"brz-tp-lg-paragraph brz-bcp-color7 brz-css-aek3k\" data-generated-css=\"brz-css-nGnEQ\" data-uniq-id=\"m5wEg\"><span class=\"brz-cp-color7\" style=\"background-color: transparent\">Au avut cererea de recunoa\u0219tere a statutului de apatrid respins\u0103, iar procedura a fost \u00eencetat\u0103 sau statutul a fost anulat;<\/span><\/li>\n<li class=\"brz-tp-lg-paragraph brz-bcp-color7 brz-css-eHmlJ\" data-generated-css=\"brz-css-jsgOp\" data-uniq-id=\"w8KVG\"><span class=\"brz-cp-color7\" style=\"background-color: transparent\">Sunt fo\u0219ti solicitan\u021bi de azil care nu mai beneficiaz\u0103 de acest statut.<\/span><\/li>\n<\/ul>\n<p class=\"brz-tp-lg-paragraph brz-bcp-color7 brz-css-wNXEj\" data-generated-css=\"brz-css-iAeMU\" data-uniq-id=\"zU9ly\"><span class=\"brz-cp-color7\" style=\"background-color: transparent\">\ufeff<\/span><\/p>\n<p class=\"brz-tp-lg-paragraph brz-css-zsJvm\" data-generated-css=\"brz-css-zSMqq\" data-uniq-id=\"uZefB\"><span class=\"brz-cp-color7\" style=\"background-color: transparent\">Aceste m\u0103suri se aplic\u0103 pentru asigurarea respect\u0103rii legisla\u021biei privind regimul de \u0219edere \u00een Republica Moldova.<\/span><\/p>\n<\/div>\n<\/div>\n<\/div>\n<\/div>\n<\/div>\n<\/div>\n<\/div>\n<div class=\"brz-row__container brz-css-fd194n brz-css-19i192e\" data-brz-custom-id=\"harSoB29pV6D\">\n<div class=\"brz-row brz-css-k49a4x brz-css-1s6p1i1 brz-css-vxygsj\">\n<div class=\"brz-columns brz-css-1d2co3w brz-css-sx0vga\" data-brz-custom-id=\"iwKZXdK5XoEl\">\n<div class=\"brz-column__items brz-css-12iw4lp brz-css-15c7jfl\">\n<div id=\"\" class=\"brz-css-1o317k8 brz-css-1dzqzoi brz-wrapper\">\n<div class=\"brz-rich-text brz-rich-text__custom brz-css-phtgla brz-css-x0647w\" data-brz-custom-id=\"iZBIfJRbDNPo\">\n<div data-brz-translate-text=\"1\">\n<h5 data-generated-css=\"brz-css-wEN0P\" data-uniq-id=\"yl1J7\" class=\"brz-tp-lg-heading5 brz-css-eP1tI\"><span class=\"brz-cp-color7\" style=\"background-color: transparent\">Readmisia<\/span><\/h5>\n<\/div>\n<\/div>\n<\/div>\n<div id=\"\" class=\"brz-css-1o317k8 brz-css-1f4ggyp brz-wrapper\">\n<div class=\"brz-rich-text brz-rich-text__custom brz-css-phtgla brz-css-bu64yu\" data-brz-custom-id=\"zrVicKZQgqkb\">\n<div data-brz-translate-text=\"1\">\n<p class=\"ql-align-justify brz-tp-lg-paragraph brz-css-aiaqh\" data-uniq-id=\"kjB98\" data-generated-css=\"brz-css-p4Skc\"><span class=\"brz-cp-color7\" style=\"background-color: transparent\">IGM implementeaz\u0103 acordurile de readmisie semnate de Republica Moldova cu alte state, facilit\u00e2nd returnarea str\u0103inilor \u0219i propriilor cet\u0103\u021beni. Aceste activit\u0103\u021bi includ misiuni de escort\u0103 \u0219i participarea la comitetele mixte privind readmisia persoanelor.<\/span><\/p>\n<\/div>\n<\/div>\n<\/div>\n<\/div>\n<\/div>\n<\/div>\n<\/div>\n<div class=\"brz-row__container brz-css-fd194n brz-css-1xrp4cq\" data-brz-custom-id=\"pGzoc9_TGFSd\">\n<div class=\"brz-row brz-css-k49a4x brz-css-1s6p1i1 brz-css-1itsgi9\">\n<div class=\"brz-columns brz-css-1d2co3w brz-css-jfog2f\" data-brz-custom-id=\"jYIE69gMKqKz\">\n<div class=\"brz-column__items brz-css-12iw4lp brz-css-1cvvxwj\">\n<div id=\"\" class=\"brz-css-1o317k8 brz-css-1928i2n brz-wrapper\">\n<div class=\"brz-rich-text brz-rich-text__custom brz-css-phtgla brz-css-1ng7r72\" data-brz-custom-id=\"mtAAYJU1ghcz\">\n<div data-brz-translate-text=\"1\">\n<h5 data-uniq-id=\"yTU1s\" data-generated-css=\"brz-css-wnjl9\" class=\"brz-tp-lg-heading5 brz-css-mjK3C\"><span class=\"brz-cp-color7\" style=\"background-color: transparent\">Returnarea voluntar\u0103 asistat\u0103<\/span><\/h5>\n<\/div>\n<\/div>\n<\/div>\n<div id=\"\" class=\"brz-css-1o317k8 brz-css-aizz8k brz-wrapper\">\n<div class=\"brz-rich-text brz-rich-text__custom brz-css-phtgla brz-css-chs750\" data-brz-custom-id=\"vYCou8U4COgH\">\n<div data-brz-translate-text=\"1\">\n<p class=\"brz-tp-lg-paragraph brz-css-c1554\" data-uniq-id=\"onHtW\" data-generated-css=\"brz-css-sGtF9\"><span class=\"brz-cp-color7\" style=\"background-color: transparent\">Str\u0103inii f\u0103r\u0103 resurse financiare pentru a p\u0103r\u0103si Republica Moldova pot solicita sprijin prin programe de returnare voluntar\u0103 asistat\u0103. IGM colaboreaz\u0103 cu organiza\u021bii interna\u021bionale pentru emiterea documentelor de c\u0103l\u0103torie \u0219i repatrierea \u00een siguran\u021b\u0103.<\/span><\/p>\n<\/div>\n<\/div>\n<\/div>\n<\/div>\n<\/div>\n<\/div>\n<\/div>\n<div class=\"brz-row__container brz-css-fd194n brz-css-144h49k\" data-brz-custom-id=\"iA8W5bOWJTVs\">\n<div class=\"brz-row brz-css-k49a4x brz-css-1s6p1i1 brz-css-1aan5pn\">\n<div class=\"brz-columns brz-css-1d2co3w brz-css-1bm3ot1\" data-brz-custom-id=\"uwQp8xj5WqK_\">\n<div class=\"brz-column__items brz-css-12iw4lp brz-css-5x70zo\">\n<div id=\"\" class=\"brz-css-1o317k8 brz-css-10qy38a brz-wrapper\">\n<div class=\"brz-rich-text brz-rich-text__custom brz-css-phtgla brz-css-1hj9vxx\" data-brz-custom-id=\"eWxyTi97VdqI\">\n<div data-brz-translate-text=\"1\">\n<h5 data-uniq-id=\"wYNzw\" data-generated-css=\"brz-css-p_LmY\" class=\"brz-tp-lg-heading5 brz-css-vwMRZ\"><span class=\"brz-cp-color7\" style=\"background-color: transparent\">Custodie public\u0103<\/span><\/h5>\n<\/div>\n<\/div>\n<\/div>\n<div id=\"\" class=\"brz-css-1o317k8 brz-css-1jca7ij brz-wrapper\">\n<div class=\"brz-rich-text brz-rich-text__custom brz-css-phtgla brz-css-1mb6d32\" data-brz-custom-id=\"oo34UwCUFwId\">\n<div data-brz-translate-text=\"1\">\n<p class=\"brz-tp-lg-paragraph brz-css-yzDdS\" data-generated-css=\"brz-css-zaLiF\" data-uniq-id=\"aifrK\"><span class=\"brz-cp-color7\" style=\"background-color: transparent\">Luarea \u00een custodie public\u0103 este o m\u0103sur\u0103 asiguratorie aplicat\u0103 de instan\u021ba de judecat\u0103 la solicitarea IGM. Aceast\u0103 m\u0103sur\u0103 este aplicat\u0103 str\u0103inilor care nu respect\u0103 deciziile de returnare, au intrat ilegal \u00een \u021bar\u0103 sau au fost declara\u021bi indezirabili. Scopul custodiei publice este de a asigura \u00eendep\u0103rtarea \u00een condi\u021bii de siguran\u021b\u0103 a persoanelor care nu respect\u0103 condi\u021biile de \u0219edere. Str\u0103inii sunt plasa\u021bi \u00een Centrul de plasament temporar, unde sunt caza\u021bi p\u00e2n\u0103 la clarificarea situa\u021biei lor\u200b.<\/span><\/p>\n<\/div>\n<\/div>\n<\/div>\n<\/div>\n<\/div>\n<\/div>\n<\/div>\n<div class=\"brz-row__container brz-css-fd194n brz-css-mcvjb8\" data-brz-custom-id=\"s_PQRWLKLBy7\">\n<div class=\"brz-row brz-css-k49a4x brz-css-1s6p1i1 brz-css-zpasin\">\n<div class=\"brz-columns brz-css-1d2co3w brz-css-zjd02d\" data-brz-custom-id=\"cq5bbAh2CzoF\">\n<div class=\"brz-column__items brz-css-12iw4lp brz-css-1kjvgzj\">\n<div id=\"\" class=\"brz-css-1o317k8 brz-css-tjsdcw brz-wrapper\">\n<div class=\"brz-rich-text brz-rich-text__custom brz-css-phtgla brz-css-5r8rfn\" data-brz-custom-id=\"c5lmxGNIP4KP\">\n<div data-brz-translate-text=\"1\">\n<p class=\"brz-tp-lg-paragraph brz-css-sAgrE\" data-generated-css=\"brz-css-ePB96\" data-uniq-id=\"h9TAW\"><strong class=\"brz-cp-color7\" style=\"background-color: transparent\">Aplicarea consemnelor<\/strong><span class=\"brz-cp-color7\" style=\"background-color: transparent\"> reprezint\u0103 gestionarea m\u0103surilor restrictive aplicate str\u0103inilor, cum ar fi interdic\u021biile de intrare sau nepermiterea ie\u0219irii \u0219i schimbul de informa\u021bii cu poli\u021bia de frontier\u0103 \u0219i alte autorit\u0103\u021bi pentru a monitoriza \u0219i sanc\u021biona \u00eenc\u0103lc\u0103rile str\u0103inilor.<\/span><\/p>\n<\/div>\n<\/div>\n<\/div>\n<\/div>\n<\/div>\n<\/div>\n<\/div>\n<div class=\"brz-row__container brz-css-fd194n brz-css-1musl3f\" data-brz-custom-id=\"cRWeXqwFKtYg\">\n<div class=\"brz-row brz-css-k49a4x brz-css-1s6p1i1 brz-css-8s9lnz\">\n<div class=\"brz-columns brz-css-1d2co3w brz-css-4h02uv\" data-brz-custom-id=\"xeoSMpBlaTW3\">\n<div class=\"brz-column__items brz-css-12iw4lp brz-css-1mb9u5x\">\n<div id=\"\" class=\"brz-css-1o317k8 brz-css-m6ts5v brz-wrapper\">\n<div class=\"brz-rich-text brz-rich-text__custom brz-css-phtgla brz-css-by9cyj\" data-brz-custom-id=\"gJZGIB649LK7\">\n<div data-brz-translate-text=\"1\">\n<h5 data-uniq-id=\"mF57T\" data-generated-css=\"brz-css-uMRJP\" class=\"brz-tp-lg-heading5 brz-css-nrqCx\"><strong class=\"brz-cp-color7\" style=\"background-color: transparent\">Contraven\u021bii \u0219i sanc\u021biuni<\/strong><span class=\"brz-cp-color7\" style=\"background-color: transparent\">&nbsp;<\/span><\/h5>\n<\/div>\n<\/div>\n<\/div>\n<div id=\"\" class=\"brz-css-1o317k8 brz-css-5xqb8b brz-wrapper\">\n<div class=\"brz-rich-text brz-rich-text__custom brz-css-phtgla brz-css-1kn7ptn\" data-brz-custom-id=\"u_KeX0GZYXAZ\">\n<div data-brz-translate-text=\"1\">\n<p class=\"brz-tp-lg-paragraph brz-css-uMGpK\" data-generated-css=\"brz-css-wBIP0\" data-uniq-id=\"d7KFu\"><span class=\"brz-cp-color7\" style=\"background-color: transparent\">Inspectoratul General pentru Migra\u021bie constat\u0103 \u0219i examineaz\u0103 contraven\u021bii legate de regimul de \u0219edere. Potrivit Codului Contraven\u021bional, sanc\u021biunile includ:<\/span><\/p>\n<ul>\n<li class=\"brz-tp-lg-paragraph brz-bcp-color7 brz-css-llgHV\" data-generated-css=\"brz-css-b26ed\" data-uniq-id=\"vxCUZ\"><span class=\"brz-cp-color7\" style=\"background-color: transparent\">Amenzi de la 30 la 150 de unit\u0103\u021bi conven\u021bionale pentru plasarea \u00een c\u00e2mpul muncii f\u0103r\u0103 permis&nbsp;sau \u00eencalcarea regulilor de \u0219edere;<\/span><\/li>\n<li class=\"brz-tp-lg-paragraph brz-bcp-color7 brz-css-rgkmT\" data-generated-css=\"brz-css-yPSeB\" data-uniq-id=\"fZ1j1\"><span class=\"brz-cp-color7\" style=\"background-color: transparent\">Arest contraven\u021bional de p\u00e2n\u0103 la 15 zile pentru p\u0103r\u0103sirea neautorizat\u0103 a Centrului de Plasament Temporar.<\/span><\/li>\n<\/ul>\n<p class=\"brz-tp-lg-paragraph brz-css-q_CAY\" data-generated-css=\"brz-css-sHsXJ\" data-uniq-id=\"tYwUA\"><span class=\"brz-cp-color7\" style=\"background-color: transparent\">IGM colaboreaz\u0103 cu alte institu\u021bii na\u021bionale \u0219i interna\u021bionale pentru a asigura respectarea regimului legal de \u0219edere \u0219i combaterea imigra\u021biei ilegale \u00een Republica Moldova.<\/span><\/p>\n<\/div>\n<\/div>\n<\/div>\n<\/div>\n<\/div>\n<\/div>\n<\/div>\n<div class=\"brz-row__container brz-css-fd194n brz-css-1enhsqz\" data-brz-custom-id=\"zMvXG7HTkDXf\">\n<div class=\"brz-row brz-css-k49a4x brz-css-1s6p1i1 brz-css-14mkp25\">\n<div class=\"brz-columns brz-css-1d2co3w brz-css-1sjmvlk\" data-brz-custom-id=\"rsTdZoJhKaAU\">\n<div class=\"brz-column__items brz-css-12iw4lp brz-css-19re25o\">\n<div id=\"\" class=\"brz-css-1o317k8 brz-css-1bcpd0o brz-wrapper\">\n<div class=\"brz-rich-text brz-rich-text__custom brz-css-phtgla brz-css-lm1via\" data-brz-custom-id=\"jGwgfSIhHP6v\">\n<div data-brz-translate-text=\"1\">\n<h5 data-generated-css=\"brz-css-nbfG_\" data-uniq-id=\"maWWI\" class=\"brz-tp-lg-heading5 brz-css-aVs_m\"><span class=\"brz-cp-color7\" style=\"background-color: transparent\">Mesaj de preven\u021bie<\/span><\/h5>\n<\/div>\n<\/div>\n<\/div>\n<div id=\"\" class=\"brz-css-1o317k8 brz-css-1lwdibq brz-wrapper\">\n<div class=\"brz-rich-text brz-rich-text__custom brz-css-phtgla brz-css-hwzvjq\" data-brz-custom-id=\"wb04_fkPMUdJ\">\n<div data-brz-translate-text=\"1\">\n<p class=\"brz-tp-lg-paragraph brz-css-bCYjb\" data-generated-css=\"brz-css-eGBI5\" data-uniq-id=\"eK8uf\"><span class=\"brz-cp-color7\" style=\"background-color: transparent\">Inspectoratul General pentru Migra\u021bie \u00eencurajeaz\u0103 str\u0103inii s\u0103 respecte legisla\u021bia Republicii Moldova \u0219i s\u0103 colaboreze cu autorit\u0103\u021bile pentru a evita orice situa\u021bie nepl\u0103cut\u0103 legat\u0103 de regimul de \u0219edere. Respectarea termenelor \u0219i condi\u021biilor de \u0219edere este esen\u021bial\u0103 pentru a beneficia de o experien\u021b\u0103 sigur\u0103 \u0219i pl\u0103cut\u0103 \u00een Republica Moldova.<\/span><\/p>\n<\/div>\n<\/div>\n<\/div>\n<\/div>\n<\/div>\n<\/div>\n<\/div>\n<\/div>\n<\/div>\n<\/section><\/div>\n<p><!-- version:1762451378 --><\/p>\n","protected":false},"excerpt":{"rendered":"<p>\u041f\u0440\u0435\u0434\u043e\u0442\u0432\u0440\u0430\u0449\u0435\u043d\u0438\u0435 \u0438 \u0431\u043e\u0440\u044c\u0431\u0430 \u0441 \u043d\u0435\u043b\u0435\u0433\u0430\u043b\u044c\u043d\u044b\u043c \u043f\u0440\u0435\u0431\u044b\u0432\u0430\u043d\u0438\u0435\u043c Inspectoratul General pentru Migra\u021bie (IGM) are rolul de a supraveghea respectarea regimului de \u0219edere al str\u0103inilor \u00een Republica Moldova \u0219i de a preveni \u0219i combate \u0219ederea ilegal\u0103. \u00cen acest scop, IGM aplic\u0103 m\u0103suri eficiente \u0219i transparente, oferind totodat\u0103 sprijin \u00een vederea conform\u0103rii cu legisla\u021bia na\u021bional\u0103. Condi\u021bii generale de \u0219edere&hellip; <a class=\"more-link\" href=\"https:\/\/igm.gov.md\/ru\/nezakonnoe-prebyvanie\/\">\u0427\u0438\u0442\u0430\u0442\u044c \u0434\u0430\u043b\u0435\u0435 <span class=\"screen-reader-text\">\u041d\u0415\u0417\u0410\u041a\u041e\u041d\u041d\u041e\u0415 \u041f\u0420\u0415\u0411\u042b\u0412\u0410\u041d\u0418\u0415<\/span><\/a><\/p>\n","protected":false},"author":10,"featured_media":0,"parent":0,"menu_order":0,"comment_status":"closed","ping_status":"closed","template":"brizy-blank-template.php","meta":{"footnotes":""},"class_list":["post-158174","page","type-page","status-publish","hentry","entry"],"jetpack_sharing_enabled":true,"brizy_media":[],"_links":{"self":[{"href":"https:\/\/igm.gov.md\/ru\/wp-json\/wp\/v2\/pages\/158174","targetHints":{"allow":["GET"]}}],"collection":[{"href":"https:\/\/igm.gov.md\/ru\/wp-json\/wp\/v2\/pages"}],"about":[{"href":"https:\/\/igm.gov.md\/ru\/wp-json\/wp\/v2\/types\/page"}],"author":[{"embeddable":true,"href":"https:\/\/igm.gov.md\/ru\/wp-json\/wp\/v2\/users\/10"}],"replies":[{"embeddable":true,"href":"https:\/\/igm.gov.md\/ru\/wp-json\/wp\/v2\/comments?post=158174"}],"version-history":[{"count":4,"href":"https:\/\/igm.gov.md\/ru\/wp-json\/wp\/v2\/pages\/158174\/revisions"}],"predecessor-version":[{"id":158181,"href":"https:\/\/igm.gov.md\/ru\/wp-json\/wp\/v2\/pages\/158174\/revisions\/158181"}],"wp:attachment":[{"href":"https:\/\/igm.gov.md\/ru\/wp-json\/wp\/v2\/media?parent=158174"}],"curies":[{"name":"wp","href":"https:\/\/api.w.org\/{rel}","templated":true}]}}